{"id":256,"date":"2026-04-09T16:17:13","date_gmt":"2026-04-09T16:17:13","guid":{"rendered":"https:\/\/m.es2.com.do\/?page_id=256"},"modified":"2026-04-11T05:10:31","modified_gmt":"2026-04-11T05:10:31","slug":"la-piedra-letrada","status":"publish","type":"page","link":"https:\/\/m.es2.com.do\/?page_id=256","title":{"rendered":"La Piedra Letrada"},"content":{"rendered":"\n<div class=\"wp-block-columns is-layout-flex wp-container-core-columns-is-layout-28f84493 wp-block-columns-is-layout-flex\">\n<div class=\"wp-block-column is-layout-flow wp-block-column-is-layout-flow\">\n<div style=\"display: inline-flex; align-items: center; font-family: sans-serif; color: #202124; font-size: 28px; font-weight: 500;\">\n    <svg width=\"32\" height=\"32\" viewBox=\"0 0 24 24\" style=\"margin-right: 12px; fill: #b0bec5;\">\n        <path d=\"M18,18H6V7H18M11,4V3H9V4H11M15,4V3H13V4H15M19,5H5V7H6V19H5V21H19V19H18V7H19V5M17,19H7V7H17V19Z\" \/>\n        <circle cx=\"6\" cy=\"5\" r=\"2\" \/>\n        <circle cx=\"18\" cy=\"5\" r=\"2\" \/>\n    <\/svg>\n        <span>Descripci\u00f3n:<\/span>\n<\/div>\n\n\n\n<section style=\"max-width: 600px; font-family: 'Segoe UI', sans-serif; line-height: 1.6; color: #333; border-left: 4px solid #b0bec5; padding-left: 20px; margin: 20px 0;\">\n    \n    <div style=\"display: flex; align-items: center; margin-bottom: 15px;\">\n        <svg width=\"24\" height=\"24\" viewBox=\"0 0 24 24\" style=\"margin-right: 10px; fill: #b0bec5;\">\n            <path d=\"M14 6l-3.75 5 2.85 3.8-1.6 1.2C9.81 13.75 7 10 7 10l-6 8h22L14 6z\" \/>\n        <\/svg>\n        <span style=\"font-weight: bold; font-size: 1.2rem; color: #202124;\">Piedras Letradas de Constanza<\/span>\n    <\/div>\n\n    <p>\n        Es un importante sitio arqueol\u00f3gico compuesto por rocas con grabados rupestres realizados por los <strong>pueblos ta\u00ednos<\/strong> antes de la llegada de los europeos a la isla.\n    <\/p>\n\n    <div style=\"background-color: #f8f9fa; padding: 15px; border-radius: 8px;\">\n        <h4 style=\"margin-top: 0; color: #555;\">Contenido de los Grabados<\/h4>\n        <ul style=\"margin-bottom: 0;\">\n            <li>S\u00edmbolos y figuras humanas (antropomorfos).<\/li>\n            <li>Formas geom\u00e9tricas y representaciones de la cosmovisi\u00f3n.<\/li>\n            <li>Testimonios de comunicaci\u00f3n y creencias ancestrales.<\/li>\n        <\/ul>\n    <\/div>\n\n    <p style=\"font-style: italic; color: #666; margin-top: 15px;\">\n        Ubicadas en la altura, ofrecen una ventana directa al pasado precolombino y la riqueza art\u00edstica del Caribe.\n    <\/p>\n<\/section>\n<\/div>\n\n\n\n<div class=\"wp-block-column is-layout-flow wp-block-column-is-layout-flow\">\n<div style=\"font-family: 'Segoe UI', Roboto, Helvetica, Arial, sans-serif; color: #202124; margin: 20px 0;\">\n<div id=\"r6TnCb3j9\" allow=\"gyroscope; accelerometer; vr\">\n    <script ... src=\"https:\/\/app.cloudpano.com\/public\/shareScript.js\"><\/script>\n<\/div>\n    \n    <div style=\"display: flex; align-items: center; margin-bottom: 8px;\">\n        <svg width=\"42\" height=\"42\" viewBox=\"0 0 24 24\" style=\"margin-right: 12px; fill: #b0bec5;\">\n            <path d=\"M21,7H3C1.9,7,1,7.9,1,9v6c0,1.1,0.9,2,2,2h1.2l1.3,2.5C5.7,19.8,6.1,20,6.5,20h11c0.4,0,0.8-0.2,1-0.5l1.3-2.5H21 c1.1,0,2-0.9,2-2V9C23,7.9,22.1,7,21,7z M7.5,14.5c-1.1,0-2-0.9-2-2s0.9-2,2-2s2,0.9,2,2S8.6,14.5,7.5,14.5z M16.5,14.5c-1.1,0-2-0.9-2-2 s0.9-2,2-2s2,0.9,2,2S17.6,14.5,16.5,14.5z\"\/>\n        <\/svg>\n        <span style=\"font-size: 32px; font-weight: 500; letter-spacing: -0.5px;\">Recorrido Virtual<\/span>\n    <\/div>\n\n    <div style=\"display: flex; align-items: center; font-size: 16px; color: #3c4043; padding-left: 4px;\">\n        <span>Este recorrido puede contener audio, para activarlo haga clic en el \u00edcono<\/span>\n        <svg width=\"18\" height=\"18\" viewBox=\"0 0 24 24\" style=\"margin-left: 6px; fill: #202124;\">\n            <path d=\"M3,9v6h4l5,5V4L7,9H3z M16.5,12c0-1.77-1.02-3.29-2.5-4.03v8.05C15.48,15.29,16.5,13.77,16.5,12z M14,3.23v2.06 c2.89,0.86,5,3.54,5,6.71s-2.11,5.85-5,6.71v2.06c4.01-0.91,7-4.49,7-8.77S18.01,4.14,14,3.23z\"\/>\n        <\/svg>\n    <\/div>\n\n<\/div>\n\n\n\n<div style=\"width: 100%; height: 500px; overflow: hidden; position: relative;\">\n    <iframe \n        src=\"https:\/\/app.cloudpano.com\/tours\/r6TnCb3j9\" \n        width=\"100%\" \n        height=\"500px\" \n        frameborder=\"0\" \n        allowfullscreen=\"true\" \n        webkitallowfullscreen=\"true\" \n        mozallowfullscreen=\"true\"\n        allow=\"accelerometer; gyroscope; magnetometer; device-info; xr-spatial-tracking; autoplay; fullscreen\"\n        style=\"border: none; position: absolute; top: 0; left: 0; width: 100%; height: 100%;\">\n    <\/iframe>\n<\/div>\n\n\n\n<div style=\"margin-top: 30px; text-align: center; font-family: 'Segoe UI', Roboto, Arial, sans-serif;\">\n    \n    <p style=\"font-size: 14px; color: #5f6368; margin-bottom: 12px;\">\n        \u00bfNo puedes ver el recorrido correctamente?\n    <\/p>\n\n    <a href=\"https:\/\/app.cloudpano.com\/tours\/r6TnCb3j9\" target=\"_blank\" style=\"\n        display: inline-flex;\n        align-items: center;\n        justify-content: center;\n        padding: 12px 24px;\n        background-color: #202124;\n        color: #ffffff;\n        text-decoration: none;\n        border-radius: 8px;\n        font-weight: 500;\n        font-size: 15px;\n        transition: background-color 0.3s ease;\n        box-shadow: 0 1px 3px rgba(60,64,67,0.3);\n    \">\n        <svg width=\"18\" height=\"18\" viewBox=\"0 0 24 24\" fill=\"none\" stroke=\"currentColor\" stroke-width=\"2\" stroke-linecap=\"round\" stroke-linejoin=\"round\" style=\"margin-right: 8px;\">\n            <path d=\"M18 13v6a2 2 0 0 1-2 2H5a2 2 0 0 1-2-2V8a2 2 0 0 1 2-2h6\"><\/path>\n            <polyline points=\"15 3 21 3 21 9\"><\/polyline>\n            <line x1=\"10\" y1=\"14\" x2=\"21\" y2=\"3\"><\/line>\n        <\/svg>\n        Abrir Recorrido en Pantalla Completa\n    <\/a>\n    \n<\/div>\n<\/div>\n<\/div>\n\n\n\n<div style=\"width: 100%; max-width: 800px; margin: 20px 0;\">\n    <h3 style=\"font-family: sans-serif; color: #202124;\">Ubicaci\u00f3n en el Mapa<\/h3>\n    \n    <div style=\"position: relative; padding-bottom: 56.25%; height: 0; overflow: hidden; border-radius: 12px; border: 1px solid #ddd; box-shadow: 0 4px 12px rgba(0,0,0,0.1);\">\n        <iframe \n            src=\"https:\/\/www.google.com\/maps\/embed?pb=!1m18!1m12!1m3!1d3748.9194246066223!2d-70.8090562239458!3d18.96873485534062!2m3!1f0!2f0!3f0!3m2!1i1024!2i768!4f13.1!3m3!1m2!1s0x8eb24071c69f99b9%3A0xed4e5bbee7763e0e!2sLa%20Piedra%20Letrada!5e0!3m2!1ses!2sdo!4v1715800000000!5m2!1ses!2sdo\" \n            style=\"position: absolute; top: 0; left: 0; width: 100%; height: 100%; border:0;\" \n            allowfullscreen=\"\" \n            loading=\"lazy\" \n            referrerpolicy=\"no-referrer-when-downgrade\">\n        <\/iframe>\n    <\/div>\n    \n    <p style=\"font-family: sans-serif; font-size: 14px; color: #5f6368; margin-top: 10px;\">\n        \ud83d\udccd La Ci\u00e9naga de los Berm\u00fadez, Constanza 41000, Rep\u00fablica Dominicana\n    <\/p>\n<\/div>\n\n\n\n<p><\/p>\n","protected":false},"excerpt":{"rendered":"<p>Descripci\u00f3n: Piedras Letradas de Constanza Es un importante sitio arqueol\u00f3gico compuesto por rocas con grabados rupestres realizados por los pueblos [&hellip;]<\/p>\n","protected":false},"author":1,"featured_media":0,"parent":254,"menu_order":0,"comment_status":"closed","ping_status":"closed","template":"","meta":{"site-sidebar-layout":"default","site-content-layout":"","ast-site-content-layout":"default","site-content-style":"default","site-sidebar-style":"default","ast-global-header-display":"","ast-banner-title-visibility":"","ast-main-header-display":"","ast-hfb-above-header-display":"","ast-hfb-below-header-display":"","ast-hfb-mobile-header-display":"","site-post-title":"","ast-breadcrumbs-content":"","ast-featured-img":"","footer-sml-layout":"","ast-disable-related-posts":"","theme-transparent-header-meta":"","adv-header-id-meta":"","stick-header-meta":"","header-above-stick-meta":"","header-main-stick-meta":"","header-below-stick-meta":"","astra-migrate-meta-layouts":"default","ast-page-background-enabled":"default","ast-page-background-meta":{"desktop":{"background-color":"var(--ast-global-color-5)","background-image":"","background-repeat":"repeat","background-position":"center center","background-size":"auto","background-attachment":"scroll","background-type":"","background-media":"","overlay-type":"","overlay-color":"","overlay-opacity":"","overlay-gradient":""},"tablet":{"background-color":"","background-image":"","background-repeat":"repeat","background-position":"center center","background-size":"auto","background-attachment":"scroll","background-type":"","background-media":"","overlay-type":"","overlay-color":"","overlay-opacity":"","overlay-gradient":""},"mobile":{"background-color":"","background-image":"","background-repeat":"repeat","background-position":"center center","background-size":"auto","background-attachment":"scroll","background-type":"","background-media":"","overlay-type":"","overlay-color":"","overlay-opacity":"","overlay-gradient":""}},"ast-content-background-meta":{"desktop":{"background-color":"var(--ast-global-color-4)","background-image":"","background-repeat":"repeat","background-position":"center center","background-size":"auto","background-attachment":"scroll","background-type":"","background-media":"","overlay-type":"","overlay-color":"","overlay-opacity":"","overlay-gradient":""},"tablet":{"background-color":"var(--ast-global-color-4)","background-image":"","background-repeat":"repeat","background-position":"center center","background-size":"auto","background-attachment":"scroll","background-type":"","background-media":"","overlay-type":"","overlay-color":"","overlay-opacity":"","overlay-gradient":""},"mobile":{"background-color":"var(--ast-global-color-4)","background-image":"","background-repeat":"repeat","background-position":"center center","background-size":"auto","background-attachment":"scroll","background-type":"","background-media":"","overlay-type":"","overlay-color":"","overlay-opacity":"","overlay-gradient":""}},"footnotes":""},"class_list":["post-256","page","type-page","status-publish","hentry"],"yoast_head":"<!-- This site is optimized with the Yoast SEO plugin v26.8 - https:\/\/yoast.com\/product\/yoast-seo-wordpress\/ -->\n<title>La Piedra Letrada - Master Lego<\/title>\n<meta name=\"robots\" content=\"index, follow, max-snippet:-1, max-image-preview:large, max-video-preview:-1\" \/>\n<link rel=\"canonical\" href=\"https:\/\/m.es2.com.do\/?page_id=256\" \/>\n<meta property=\"og:locale\" content=\"es_ES\" \/>\n<meta property=\"og:type\" content=\"article\" \/>\n<meta property=\"og:title\" content=\"La Piedra Letrada - Master Lego\" \/>\n<meta property=\"og:description\" content=\"Descripci\u00f3n: Piedras Letradas de Constanza Es un importante sitio arqueol\u00f3gico compuesto por rocas con grabados rupestres realizados por los pueblos [&hellip;]\" \/>\n<meta property=\"og:url\" content=\"https:\/\/m.es2.com.do\/?page_id=256\" \/>\n<meta property=\"og:site_name\" content=\"Master Lego\" \/>\n<meta property=\"article:modified_time\" content=\"2026-04-11T05:10:31+00:00\" \/>\n<meta name=\"twitter:card\" content=\"summary_large_image\" \/>\n<meta name=\"twitter:label1\" content=\"Tiempo de lectura\" \/>\n\t<meta name=\"twitter:data1\" content=\"1 minuto\" \/>\n<script type=\"application\/ld+json\" class=\"yoast-schema-graph\">{\"@context\":\"https:\/\/schema.org\",\"@graph\":[{\"@type\":\"WebPage\",\"@id\":\"https:\/\/m.es2.com.do\/?page_id=256\",\"url\":\"https:\/\/m.es2.com.do\/?page_id=256\",\"name\":\"La Piedra Letrada - Master Lego\",\"isPartOf\":{\"@id\":\"https:\/\/m.es2.com.do\/#website\"},\"datePublished\":\"2026-04-09T16:17:13+00:00\",\"dateModified\":\"2026-04-11T05:10:31+00:00\",\"breadcrumb\":{\"@id\":\"https:\/\/m.es2.com.do\/?page_id=256#breadcrumb\"},\"inLanguage\":\"es\",\"potentialAction\":[{\"@type\":\"ReadAction\",\"target\":[\"https:\/\/m.es2.com.do\/?page_id=256\"]}]},{\"@type\":\"BreadcrumbList\",\"@id\":\"https:\/\/m.es2.com.do\/?page_id=256#breadcrumb\",\"itemListElement\":[{\"@type\":\"ListItem\",\"position\":1,\"name\":\"Portada\",\"item\":\"https:\/\/m.es2.com.do\/\"},{\"@type\":\"ListItem\",\"position\":2,\"name\":\"Recorridos Virtuales\",\"item\":\"https:\/\/m.es2.com.do\/?page_id=254\"},{\"@type\":\"ListItem\",\"position\":3,\"name\":\"La Piedra Letrada\"}]},{\"@type\":\"WebSite\",\"@id\":\"https:\/\/m.es2.com.do\/#website\",\"url\":\"https:\/\/m.es2.com.do\/\",\"name\":\"Master Lego\",\"description\":\"Equipo de Robotica CENSA\",\"potentialAction\":[{\"@type\":\"SearchAction\",\"target\":{\"@type\":\"EntryPoint\",\"urlTemplate\":\"https:\/\/m.es2.com.do\/?s={search_term_string}\"},\"query-input\":{\"@type\":\"PropertyValueSpecification\",\"valueRequired\":true,\"valueName\":\"search_term_string\"}}],\"inLanguage\":\"es\"}]}<\/script>\n<!-- \/ Yoast SEO plugin. -->","yoast_head_json":{"title":"La Piedra Letrada - Master Lego","robots":{"index":"index","follow":"follow","max-snippet":"max-snippet:-1","max-image-preview":"max-image-preview:large","max-video-preview":"max-video-preview:-1"},"canonical":"https:\/\/m.es2.com.do\/?page_id=256","og_locale":"es_ES","og_type":"article","og_title":"La Piedra Letrada - Master Lego","og_description":"Descripci\u00f3n: Piedras Letradas de Constanza Es un importante sitio arqueol\u00f3gico compuesto por rocas con grabados rupestres realizados por los pueblos [&hellip;]","og_url":"https:\/\/m.es2.com.do\/?page_id=256","og_site_name":"Master Lego","article_modified_time":"2026-04-11T05:10:31+00:00","twitter_card":"summary_large_image","twitter_misc":{"Tiempo de lectura":"1 minuto"},"schema":{"@context":"https:\/\/schema.org","@graph":[{"@type":"WebPage","@id":"https:\/\/m.es2.com.do\/?page_id=256","url":"https:\/\/m.es2.com.do\/?page_id=256","name":"La Piedra Letrada - Master Lego","isPartOf":{"@id":"https:\/\/m.es2.com.do\/#website"},"datePublished":"2026-04-09T16:17:13+00:00","dateModified":"2026-04-11T05:10:31+00:00","breadcrumb":{"@id":"https:\/\/m.es2.com.do\/?page_id=256#breadcrumb"},"inLanguage":"es","potentialAction":[{"@type":"ReadAction","target":["https:\/\/m.es2.com.do\/?page_id=256"]}]},{"@type":"BreadcrumbList","@id":"https:\/\/m.es2.com.do\/?page_id=256#breadcrumb","itemListElement":[{"@type":"ListItem","position":1,"name":"Portada","item":"https:\/\/m.es2.com.do\/"},{"@type":"ListItem","position":2,"name":"Recorridos Virtuales","item":"https:\/\/m.es2.com.do\/?page_id=254"},{"@type":"ListItem","position":3,"name":"La Piedra Letrada"}]},{"@type":"WebSite","@id":"https:\/\/m.es2.com.do\/#website","url":"https:\/\/m.es2.com.do\/","name":"Master Lego","description":"Equipo de Robotica CENSA","potentialAction":[{"@type":"SearchAction","target":{"@type":"EntryPoint","urlTemplate":"https:\/\/m.es2.com.do\/?s={search_term_string}"},"query-input":{"@type":"PropertyValueSpecification","valueRequired":true,"valueName":"search_term_string"}}],"inLanguage":"es"}]}},"_links":{"self":[{"href":"https:\/\/m.es2.com.do\/index.php?rest_route=\/wp\/v2\/pages\/256","targetHints":{"allow":["GET"]}}],"collection":[{"href":"https:\/\/m.es2.com.do\/index.php?rest_route=\/wp\/v2\/pages"}],"about":[{"href":"https:\/\/m.es2.com.do\/index.php?rest_route=\/wp\/v2\/types\/page"}],"author":[{"embeddable":true,"href":"https:\/\/m.es2.com.do\/index.php?rest_route=\/wp\/v2\/users\/1"}],"replies":[{"embeddable":true,"href":"https:\/\/m.es2.com.do\/index.php?rest_route=%2Fwp%2Fv2%2Fcomments&post=256"}],"version-history":[{"count":21,"href":"https:\/\/m.es2.com.do\/index.php?rest_route=\/wp\/v2\/pages\/256\/revisions"}],"predecessor-version":[{"id":473,"href":"https:\/\/m.es2.com.do\/index.php?rest_route=\/wp\/v2\/pages\/256\/revisions\/473"}],"up":[{"embeddable":true,"href":"https:\/\/m.es2.com.do\/index.php?rest_route=\/wp\/v2\/pages\/254"}],"wp:attachment":[{"href":"https:\/\/m.es2.com.do\/index.php?rest_route=%2Fwp%2Fv2%2Fmedia&parent=256"}],"curies":[{"name":"wp","href":"https:\/\/api.w.org\/{rel}","templated":true}]}}